{"id":6342,"date":"2021-03-23T12:43:50","date_gmt":"2021-03-23T12:43:50","guid":{"rendered":"https:\/\/mishto.com\/purpous\/?page_id=6342"},"modified":"2022-05-12T14:10:24","modified_gmt":"2022-05-12T14:10:24","slug":"servicos","status":"publish","type":"page","link":"https:\/\/www.purpous.net\/en\/servicos\/","title":{"rendered":"Servi\u00e7os"},"content":{"rendered":"<div id=\"fws_69ea47163cf55\"  data-column-margin=\"default\" data-midnight=\"dark\"  class=\"wpb_row vc_row-fluid vc_row full-width-content  vc_row-o-equal-height vc_row-flex  vc_row-o-content-middle standard_section\"  style=\"padding-top: 0px; padding-bottom: 0px; \"><div class=\"row-bg-wrap\" data-bg-animation=\"none\" data-bg-overlay=\"false\"><div class=\"inner-wrap\"><div class=\"row-bg using-bg-color\"  style=\"background-color: #ffffff; \"><\/div><\/div><div class=\"row-bg-overlay\" ><\/div><\/div><div class=\"row_col_wrap_12 col span_12 dark left\">\n\t<div style=\"\" class=\"vc_col-sm-6 wpb_column column_container vc_column_container col padding-10-percent inherit_tablet inherit_phone\" data-using-bg=\"true\" data-t-w-inherits=\"default\" data-bg-cover=\"\" data-padding-pos=\"all\" data-has-bg-color=\"true\" data-bg-color=\"#f4f4f4\" data-bg-opacity=\"1\" data-hover-bg=\"\" data-hover-bg-opacity=\"1\" data-animation=\"\" data-delay=\"0\" >\n\t\t<div class=\"vc_column-inner\" ><div class=\"column-bg-overlay-wrap\" data-bg-animation=\"none\"><div class=\"column-bg-overlay\" style=\"opacity: 1; background-color: #f4f4f4;\"><\/div><\/div>\n\t\t\t<div class=\"wpb_wrapper\">\n\t\t\t\t<div id=\"fws_69ea47163dcf9\" data-midnight=\"\" data-column-margin=\"default\" class=\"wpb_row vc_row-fluid vc_row inner_row standard_section\"  style=\"padding-top: 0px; padding-bottom: 0px; \"><div class=\"row-bg-wrap\"> <div class=\"row-bg\" ><\/div> <\/div><div class=\"row_col_wrap_12_inner col span_12  left\">\n\t<div  class=\"vc_col-sm-12 wpb_column column_container vc_column_container col child_column has-animation no-extra-padding inherit_tablet inherit_phone\"   data-t-w-inherits=\"default\" data-bg-cover=\"\" data-padding-pos=\"all\" data-has-bg-color=\"false\" data-bg-color=\"\" data-bg-opacity=\"1\" data-hover-bg=\"\" data-hover-bg-opacity=\"1\" data-animation=\"fade-in-from-bottom\" data-delay=\"0\">\n\t\t<div class=\"vc_column-inner\" ><div class=\"column-bg-overlay-wrap\" data-bg-animation=\"none\"><div class=\"column-bg-overlay\"><\/div><\/div>\n\t\t<div class=\"wpb_wrapper\">\n\t\t\t<h2 style=\"font-size: 40px;line-height: 50px;text-align: left\" class=\"vc_custom_heading\" >Brand Soul<\/h2><p style=\"font-size: 15px;color: rgba(10,10,10,0.6);text-align: left\" class=\"vc_custom_heading\" >Our society and culture will be radically transformed in the next decade. Courage, transparency and authenticity are here to stay. Businesses guided by clear values and conscious purpose are already proven to be the fastest growing in current times. For organizations that know why they exist have more resilience and clarity to navigate these unprecedented times of change.<\/p><div class=\"nectar-split-heading\" data-animation-type=\"default\" data-animation-delay=\"0\" data-custom-font-size=\"false\" ><div class=\"heading-line\" > <div><h5>- Development of conscious leadership<\/h5> <\/div> <\/div><div class=\"heading-line\" > <div><h5>\u2013 Customized content curation<\/h5> <\/div> <\/div><div class=\"heading-line\" > <div><h5>- Knowledge trails<\/h5> <\/div> <\/div><div class=\"heading-line\" > <div><h5>- Lectures followed by conversation circles<\/h5> <\/div> <\/div><div class=\"heading-line\" > <div><h5>- Reflection workshops - values and purpose<\/h5> <\/div> <\/div><div class=\"heading-line\" > <div><h5>- Research and analysis of gaps and opportunities for impact<\/h5> <\/div> <\/div><div class=\"heading-line\" > <div><h5>- Shared value platform<\/h5> <\/div> <\/div><\/div>\n\t\t<\/div> \n\t<\/div>\n\t<\/div> \n<\/div><\/div>\n\t\t\t<\/div> \n\t\t<\/div>\n\t<\/div> \n\n\t<div style=\"\" class=\"vc_col-sm-6 wpb_column column_container vc_column_container col no-extra-padding inherit_tablet inherit_phone\" data-using-bg=\"true\" data-t-w-inherits=\"default\" data-bg-cover=\"true\" data-padding-pos=\"all\" data-has-bg-color=\"false\" data-bg-color=\"\" data-bg-opacity=\"1\" data-hover-bg=\"\" data-hover-bg-opacity=\"1\" data-animation=\"\" data-delay=\"0\" >\n\t\t<div class=\"vc_column-inner\" ><div class=\"column-image-bg-wrap\" data-bg-pos=\"center center\" data-bg-animation=\"none\" data-bg-overlay=\"false\"><div class=\"inner-wrap\"><div class=\"column-image-bg\" style=\" background-image: url('https:\/\/i0.wp.com\/www.purpous.net\/wp-content\/uploads\/2021\/03\/03.png?fit=527%2C661&#038;ssl=1'); \"><\/div><\/div><\/div><div class=\"column-bg-overlay-wrap\" data-bg-animation=\"none\"><div class=\"column-bg-overlay\"><\/div><\/div>\n\t\t\t<div class=\"wpb_wrapper\">\n\t\t\t\t\n\t\t\t<\/div> \n\t\t<\/div>\n\t<\/div> \n<\/div><\/div>\n\t\t<div id=\"fws_69ea471643a4c\"  data-column-margin=\"default\" data-midnight=\"dark\"  class=\"wpb_row vc_row-fluid vc_row full-width-content  vc_row-o-equal-height vc_row-flex  vc_row-o-content-middle standard_section\"  style=\"padding-top: 0px; padding-bottom: 0px; \"><div class=\"row-bg-wrap\" data-bg-animation=\"none\" data-bg-overlay=\"false\"><div class=\"inner-wrap\"><div class=\"row-bg\"  style=\"\"><\/div><\/div><div class=\"row-bg-overlay\" ><\/div><\/div><div class=\"row_col_wrap_12 col span_12 dark left\">\n\t<div style=\"\" class=\"vc_col-sm-6 wpb_column column_container vc_column_container col no-extra-padding inherit_tablet inherit_phone\" data-using-bg=\"true\" data-t-w-inherits=\"default\" data-bg-cover=\"true\" data-padding-pos=\"all\" data-has-bg-color=\"false\" data-bg-color=\"\" data-bg-opacity=\"1\" data-hover-bg=\"\" data-hover-bg-opacity=\"1\" data-animation=\"\" data-delay=\"0\" >\n\t\t<div class=\"vc_column-inner\" ><div class=\"column-image-bg-wrap\" data-bg-pos=\"center center\" data-bg-animation=\"none\" data-bg-overlay=\"false\"><div class=\"inner-wrap\"><div class=\"column-image-bg\" style=\" background-image: url('https:\/\/i0.wp.com\/www.purpous.net\/wp-content\/uploads\/2021\/03\/02.png?fit=767%2C661&#038;ssl=1'); \"><\/div><\/div><\/div><div class=\"column-bg-overlay-wrap\" data-bg-animation=\"none\"><div class=\"column-bg-overlay\"><\/div><\/div>\n\t\t\t<div class=\"wpb_wrapper\">\n\t\t\t\t\n\t\t\t<\/div> \n\t\t<\/div>\n\t<\/div> \n\n\t<div style=\"\" class=\"vc_col-sm-6 wpb_column column_container vc_column_container col padding-10-percent inherit_tablet inherit_phone\" data-using-bg=\"true\" data-t-w-inherits=\"default\" data-bg-cover=\"\" data-padding-pos=\"all\" data-has-bg-color=\"true\" data-bg-color=\"#ffffff\" data-bg-opacity=\"1\" data-hover-bg=\"\" data-hover-bg-opacity=\"1\" data-animation=\"\" data-delay=\"0\" >\n\t\t<div class=\"vc_column-inner\" ><div class=\"column-bg-overlay-wrap\" data-bg-animation=\"none\"><div class=\"column-bg-overlay\" style=\"opacity: 1; background-color: #ffffff;\"><\/div><\/div>\n\t\t\t<div class=\"wpb_wrapper\">\n\t\t\t\t<div id=\"fws_69ea47164508d\" data-midnight=\"\" data-column-margin=\"default\" class=\"wpb_row vc_row-fluid vc_row inner_row standard_section\"  style=\"padding-top: 0px; padding-bottom: 0px; \"><div class=\"row-bg-wrap\"> <div class=\"row-bg\" ><\/div> <\/div><div class=\"row_col_wrap_12_inner col span_12  left\">\n\t<div  class=\"vc_col-sm-12 wpb_column column_container vc_column_container col child_column has-animation no-extra-padding inherit_tablet inherit_phone\"   data-t-w-inherits=\"default\" data-bg-cover=\"\" data-padding-pos=\"all\" data-has-bg-color=\"false\" data-bg-color=\"\" data-bg-opacity=\"1\" data-hover-bg=\"\" data-hover-bg-opacity=\"1\" data-animation=\"fade-in-from-bottom\" data-delay=\"0\">\n\t\t<div class=\"vc_column-inner\" ><div class=\"column-bg-overlay-wrap\" data-bg-animation=\"none\"><div class=\"column-bg-overlay\"><\/div><\/div>\n\t\t<div class=\"wpb_wrapper\">\n\t\t\t<h2 style=\"font-size: 40px;line-height: 50px;text-align: left\" class=\"vc_custom_heading\" >Brand Culture<\/h2><p style=\"font-size: 15px;color: rgba(10,10,10,0.6);text-align: left\" class=\"vc_custom_heading\" >Brands are living organizations and evolve as part of our culture and the world. The construction of organizational cultures is a process of making the group aware of its existence, as a collective unit of life, and of the spirit of life that sustains it. A strong, authentic and forward-looking culture attracts people, creates lasting bonds and inspires innovation.<\/p><div class=\"nectar-split-heading\" data-animation-type=\"default\" data-animation-delay=\"0\" data-custom-font-size=\"false\" ><div class=\"heading-line\" > <div><h5><span style=\"font-weight: 300;\">\u2013 Culture scan\u00a0<\/span><\/h5> <\/div> <\/div><div class=\"heading-line\" > <div><h5><span style=\"font-weight: 300;\">- Facilitation of innovation processes\u00a0\u00a0<\/span><\/h5> <\/div> <\/div><div class=\"heading-line\" > <div><h5><span style=\"font-weight: 300;\">- Stakeholder mapping \/ value flow\u00a0<\/span><\/h5> <\/div> <\/div><div class=\"heading-line\" > <div><h5><span style=\"font-weight: 300;\">\u2013 Quick wins \/ bold moves strategies<\/span><\/h5> <\/div> <\/div><div class=\"heading-line\" > <div><h5><span style=\"font-weight: 300;\">- Culture Guide<\/span><\/h5> <\/div> <\/div><\/div>\n\t\t<\/div> \n\t<\/div>\n\t<\/div> \n<\/div><\/div>\n\t\t\t<\/div> \n\t\t<\/div>\n\t<\/div> \n<\/div><\/div>\n\t\t<div id=\"fws_69ea47164689b\"  data-column-margin=\"default\" data-midnight=\"dark\"  class=\"wpb_row vc_row-fluid vc_row full-width-content  vc_row-o-equal-height vc_row-flex  vc_row-o-content-middle standard_section\"  style=\"padding-top: 0px; padding-bottom: 0px; \"><div class=\"row-bg-wrap\" data-bg-animation=\"none\" data-bg-overlay=\"false\"><div class=\"inner-wrap\"><div class=\"row-bg using-bg-color\"  style=\"background-color: #ffffff; \"><\/div><\/div><div class=\"row-bg-overlay\" ><\/div><\/div><div class=\"row_col_wrap_12 col span_12 dark left\">\n\t<div style=\"\" class=\"vc_col-sm-6 wpb_column column_container vc_column_container col padding-10-percent inherit_tablet inherit_phone\" data-using-bg=\"true\" data-t-w-inherits=\"default\" data-bg-cover=\"\" data-padding-pos=\"all\" data-has-bg-color=\"true\" data-bg-color=\"#f4f4f4\" data-bg-opacity=\"1\" data-hover-bg=\"\" data-hover-bg-opacity=\"1\" data-animation=\"\" data-delay=\"0\" >\n\t\t<div class=\"vc_column-inner\" ><div class=\"column-bg-overlay-wrap\" data-bg-animation=\"none\"><div class=\"column-bg-overlay\" style=\"opacity: 1; background-color: #f4f4f4;\"><\/div><\/div>\n\t\t\t<div class=\"wpb_wrapper\">\n\t\t\t\t<div id=\"fws_69ea4716473e3\" data-midnight=\"\" data-column-margin=\"default\" class=\"wpb_row vc_row-fluid vc_row inner_row standard_section\"  style=\"padding-top: 0px; padding-bottom: 0px; \"><div class=\"row-bg-wrap\"> <div class=\"row-bg\" ><\/div> <\/div><div class=\"row_col_wrap_12_inner col span_12  left\">\n\t<div  class=\"vc_col-sm-12 wpb_column column_container vc_column_container col child_column has-animation no-extra-padding inherit_tablet inherit_phone\"   data-t-w-inherits=\"default\" data-bg-cover=\"\" data-padding-pos=\"all\" data-has-bg-color=\"false\" data-bg-color=\"\" data-bg-opacity=\"1\" data-hover-bg=\"\" data-hover-bg-opacity=\"1\" data-animation=\"fade-in-from-bottom\" data-delay=\"0\">\n\t\t<div class=\"vc_column-inner\" ><div class=\"column-bg-overlay-wrap\" data-bg-animation=\"none\"><div class=\"column-bg-overlay\"><\/div><\/div>\n\t\t<div class=\"wpb_wrapper\">\n\t\t\t<div class=\"nectar-fancy-ul\" data-list-icon=\"icon-salient-thin-line\" data-animation=\"false\" data-animation-delay=\"0\" data-color=\"accent-color\" data-spacing=\"default\" data-alignment=\"left\">  <\/div><h2 style=\"font-size: 40px;line-height: 50px;text-align: left\" class=\"vc_custom_heading\" >Brand Strategy<\/h2><p style=\"font-size: 15px;color: rgba(10,10,10,0.6);text-align: left\" class=\"vc_custom_heading\" >More than ever, people are aware of brands that represent true and relevant ideas. It is essential for the brand to be clear about its position and role in this changing world. We use branding and strategic design tools to plan, structure, manage and promote business. But we believe that we must go beyond these traditional market positioning boundaries. We support the construction of brands that act with awareness of their role and look for ways to act with authenticity, creativity and responsibility.<\/p><div class=\"nectar-split-heading\" data-animation-type=\"default\" data-animation-delay=\"0\" data-custom-font-size=\"false\" ><div class=\"heading-line\" > <div><h5><span style=\"font-weight: 300;\">&#8211; <\/span><span style=\"font-weight: 300;\">Brand research, analysis and diagnosis<\/span><\/h5> <\/div> <\/div><div class=\"heading-line\" > <div><h5><span style=\"font-weight: 300;\">- Brand platform\u00a0<\/span><\/h5> <\/div> <\/div><div class=\"heading-line\" > <div><h5><span style=\"font-weight: 300;\">\u2013 Brand positioning<\/span><\/h5> <\/div> <\/div><div class=\"heading-line\" > <div><h5><span style=\"font-weight: 300;\">\u2013 Brand manifesto<\/span><\/h5> <\/div> <\/div><div class=\"heading-line\" > <div><h5><span style=\"font-weight: 300;\">- Conscious drivers and directions<\/span><\/h5> <\/div> <\/div><div class=\"heading-line\" > <div><h5><span style=\"font-weight: 300;\">- Guidelines for brand design and visual identity<\/span><\/h5> <\/div> <\/div><div class=\"heading-line\" > <div><h5><span style=\"font-weight: 300;\">- Brand architecture<\/span><\/h5> <\/div> <\/div><div class=\"heading-line\" > <div><h5><span style=\"font-weight: 300;\">\u2013 Brand book <\/span><\/h5> <\/div> <\/div><\/div>\n\t\t<\/div> \n\t<\/div>\n\t<\/div> \n<\/div><\/div>\n\t\t\t<\/div> \n\t\t<\/div>\n\t<\/div> \n\n\t<div style=\"\" class=\"vc_col-sm-6 wpb_column column_container vc_column_container col no-extra-padding inherit_tablet inherit_phone\" data-using-bg=\"true\" data-t-w-inherits=\"default\" data-bg-cover=\"true\" data-padding-pos=\"all\" data-has-bg-color=\"false\" data-bg-color=\"\" data-bg-opacity=\"1\" data-hover-bg=\"\" data-hover-bg-opacity=\"1\" data-animation=\"\" data-delay=\"0\" >\n\t\t<div class=\"vc_column-inner\" ><div class=\"column-image-bg-wrap\" data-bg-pos=\"center center\" data-bg-animation=\"none\" data-bg-overlay=\"false\"><div class=\"inner-wrap\"><div class=\"column-image-bg\" style=\" background-image: url('https:\/\/i0.wp.com\/www.purpous.net\/wp-content\/uploads\/2021\/03\/01.png?fit=437%2C659&#038;ssl=1'); \"><\/div><\/div><\/div><div class=\"column-bg-overlay-wrap\" data-bg-animation=\"none\"><div class=\"column-bg-overlay\"><\/div><\/div>\n\t\t\t<div class=\"wpb_wrapper\">\n\t\t\t\t\n\t\t\t<\/div> \n\t\t<\/div>\n\t<\/div> \n<\/div><\/div>\n\t\t<div id=\"fws_69ea4716499fe\"  data-column-margin=\"default\" data-midnight=\"dark\"  class=\"wpb_row vc_row-fluid vc_row full-width-content  vc_row-o-equal-height vc_row-flex  vc_row-o-content-middle standard_section\"  style=\"padding-top: 0px; padding-bottom: 0px; \"><div class=\"row-bg-wrap\" data-bg-animation=\"none\" data-bg-overlay=\"false\"><div class=\"inner-wrap\"><div class=\"row-bg\"  style=\"\"><\/div><\/div><div class=\"row-bg-overlay\" ><\/div><\/div><div class=\"row_col_wrap_12 col span_12 dark left\">\n\t<div style=\"\" class=\"vc_col-sm-6 wpb_column column_container vc_column_container col no-extra-padding inherit_tablet inherit_phone\" data-using-bg=\"true\" data-t-w-inherits=\"default\" data-bg-cover=\"true\" data-padding-pos=\"all\" data-has-bg-color=\"false\" data-bg-color=\"\" data-bg-opacity=\"1\" data-hover-bg=\"\" data-hover-bg-opacity=\"1\" data-animation=\"\" data-delay=\"0\" >\n\t\t<div class=\"vc_column-inner\" ><div class=\"column-image-bg-wrap\" data-bg-pos=\"center center\" data-bg-animation=\"none\" data-bg-overlay=\"false\"><div class=\"inner-wrap\"><div class=\"column-image-bg\" style=\" background-image: url('https:\/\/i0.wp.com\/www.purpous.net\/wp-content\/uploads\/2021\/03\/04.png?fit=667%2C670&#038;ssl=1'); \"><\/div><\/div><\/div><div class=\"column-bg-overlay-wrap\" data-bg-animation=\"none\"><div class=\"column-bg-overlay\"><\/div><\/div>\n\t\t\t<div class=\"wpb_wrapper\">\n\t\t\t\t\n\t\t\t<\/div> \n\t\t<\/div>\n\t<\/div> \n\n\t<div style=\"\" class=\"vc_col-sm-6 wpb_column column_container vc_column_container col padding-10-percent inherit_tablet inherit_phone\" data-using-bg=\"true\" data-t-w-inherits=\"default\" data-bg-cover=\"\" data-padding-pos=\"all\" data-has-bg-color=\"true\" data-bg-color=\"#ffffff\" data-bg-opacity=\"1\" data-hover-bg=\"\" data-hover-bg-opacity=\"1\" data-animation=\"\" data-delay=\"0\" >\n\t\t<div class=\"vc_column-inner\" ><div class=\"column-bg-overlay-wrap\" data-bg-animation=\"none\"><div class=\"column-bg-overlay\" style=\"opacity: 1; background-color: #ffffff;\"><\/div><\/div>\n\t\t\t<div class=\"wpb_wrapper\">\n\t\t\t\t<div id=\"fws_69ea47164b3c7\" data-midnight=\"\" data-column-margin=\"default\" class=\"wpb_row vc_row-fluid vc_row inner_row standard_section\"  style=\"padding-top: 0px; padding-bottom: 0px; \"><div class=\"row-bg-wrap\"> <div class=\"row-bg\" ><\/div> <\/div><div class=\"row_col_wrap_12_inner col span_12  left\">\n\t<div  class=\"vc_col-sm-12 wpb_column column_container vc_column_container col child_column has-animation no-extra-padding inherit_tablet inherit_phone\"   data-t-w-inherits=\"default\" data-bg-cover=\"\" data-padding-pos=\"all\" data-has-bg-color=\"false\" data-bg-color=\"\" data-bg-opacity=\"1\" data-hover-bg=\"\" data-hover-bg-opacity=\"1\" data-animation=\"fade-in-from-bottom\" data-delay=\"0\">\n\t\t<div class=\"vc_column-inner\" ><div class=\"column-bg-overlay-wrap\" data-bg-animation=\"none\"><div class=\"column-bg-overlay\"><\/div><\/div>\n\t\t<div class=\"wpb_wrapper\">\n\t\t\t<h2 style=\"font-size: 40px;line-height: 50px;text-align: left\" class=\"vc_custom_heading\" >Brand Expression<\/h2><p style=\"font-size: 15px;color: rgba(10,10,10,0.6);text-align: left\" class=\"vc_custom_heading\" >From \"design for\" to \"design with\". The design has a subtle layer that adds meaning to brands. This is a subtle quality of \"making visible\" important attributes. It is a powerful tool that expresses the qualities and values of the brand in the form of its identity and visual expressions. Through the visual brand system, we create a universe of meanings that, worked together, allow strategic differentiation in the market.<\/p><div class=\"nectar-split-heading\" data-animation-type=\"default\" data-animation-delay=\"0\" data-custom-font-size=\"false\" ><div class=\"heading-line\" > <div><h5><span style=\"font-weight: 300;\">&#8211; <\/span><span style=\"font-weight: 300;\">Brand design\u00a0<\/span><\/h5> <\/div> <\/div><div class=\"heading-line\" > <div><h5><span style=\"font-weight: 300;\">- Visual identity design<\/span><\/h5> <\/div> <\/div><div class=\"heading-line\" > <div><h5><span style=\"font-weight: 300;\">\u2013 Naming<\/span><\/h5> <\/div> <\/div><div class=\"heading-line\" > <div><h5><span style=\"font-weight: 300;\">- Verbal identity<\/span><\/h5> <\/div> <\/div><div class=\"heading-line\" > <div><h5><span style=\"font-weight: 300;\">- Visual identity manual<\/span><\/h5> <\/div> <\/div><div class=\"heading-line\" > <div><h5><span style=\"font-weight: 300;\">&#8211; Brand Video<\/span><\/h5> <\/div> <\/div><\/div>\n\t\t<\/div> \n\t<\/div>\n\t<\/div> \n<\/div><\/div>\n\t\t\t<\/div> \n\t\t<\/div>\n\t<\/div> \n<\/div><\/div>","protected":false},"excerpt":{"rendered":"Alma da marcaA nossa sociedade e cultura ser\u00e3o radicalmente transformadas na pr\u00f3xima d\u00e9cada. A coragem, transpar\u00eancia e a autenticidade vieram para ficar. Os neg\u00f3cios orientados por valores claros e prop\u00f3sito...","protected":false},"author":2,"featured_media":0,"parent":0,"menu_order":0,"comment_status":"closed","ping_status":"closed","template":"","meta":{"nf_dc_page":"","om_disable_all_campaigns":false,"_monsterinsights_skip_tracking":false,"_monsterinsights_sitenote_active":false,"_monsterinsights_sitenote_note":"","_monsterinsights_sitenote_category":0,"footnotes":""},"class_list":["post-6342","page","type-page","status-publish"],"jetpack_sharing_enabled":true,"_links":{"self":[{"href":"https:\/\/www.purpous.net\/en\/wp-json\/wp\/v2\/pages\/6342","targetHints":{"allow":["GET"]}}],"collection":[{"href":"https:\/\/www.purpous.net\/en\/wp-json\/wp\/v2\/pages"}],"about":[{"href":"https:\/\/www.purpous.net\/en\/wp-json\/wp\/v2\/types\/page"}],"author":[{"embeddable":true,"href":"https:\/\/www.purpous.net\/en\/wp-json\/wp\/v2\/users\/2"}],"replies":[{"embeddable":true,"href":"https:\/\/www.purpous.net\/en\/wp-json\/wp\/v2\/comments?post=6342"}],"version-history":[{"count":6,"href":"https:\/\/www.purpous.net\/en\/wp-json\/wp\/v2\/pages\/6342\/revisions"}],"predecessor-version":[{"id":6781,"href":"https:\/\/www.purpous.net\/en\/wp-json\/wp\/v2\/pages\/6342\/revisions\/6781"}],"wp:attachment":[{"href":"https:\/\/www.purpous.net\/en\/wp-json\/wp\/v2\/media?parent=6342"}],"curies":[{"name":"wp","href":"https:\/\/api.w.org\/{rel}","templated":true}]}}